{"id":750,"date":"2021-03-24T07:13:22","date_gmt":"2021-03-24T07:13:22","guid":{"rendered":"http:\/\/dev4.iamabdus.com\/projectone\/?page_id=750"},"modified":"2023-02-28T14:22:09","modified_gmt":"2023-02-28T14:22:09","slug":"kontakt","status":"publish","type":"page","link":"https:\/\/vds4010x4.startdedicated.de\/mani\/neff-gerustbau\/kontakt\/","title":{"rendered":"Kontakt"},"content":{"rendered":"\t\t<div data-elementor-type=\"wp-page\" data-elementor-id=\"750\" class=\"elementor elementor-750\" data-elementor-post-type=\"page\">\n\t\t\t\t\t\t<section class=\"elementor-section elementor-top-section elementor-element elementor-element-11d87f1f elementor-section-boxed elementor-section-height-default elementor-section-height-default\" data-id=\"11d87f1f\" data-element_type=\"section\" data-e-type=\"section\" data-settings=\"{&quot;background_background&quot;:&quot;classic&quot;}\">\n\t\t\t\t\t\t<div class=\"elementor-container elementor-column-gap-default\">\n\t\t\t\t\t<div class=\"elementor-column elementor-col-100 elementor-top-column elementor-element elementor-element-54ce45dd\" data-id=\"54ce45dd\" data-element_type=\"column\" data-e-type=\"column\">\n\t\t\t<div class=\"elementor-widget-wrap elementor-element-populated\">\n\t\t\t\t\t\t<div class=\"elementor-element elementor-element-5b402c9d elementor-widget elementor-widget-text-editor\" data-id=\"5b402c9d\" data-element_type=\"widget\" data-e-type=\"widget\" data-widget_type=\"text-editor.default\">\n\t\t\t\t<div class=\"elementor-widget-container\">\n\t\t\t\t\t\t\t\t\t<p>Contact us<\/p>\t\t\t\t\t\t\t\t<\/div>\n\t\t\t\t<\/div>\n\t\t\t\t<div class=\"elementor-element elementor-element-17cb8005 elementor-widget elementor-widget-heading\" data-id=\"17cb8005\" data-element_type=\"widget\" data-e-type=\"widget\" data-widget_type=\"heading.default\">\n\t\t\t\t<div class=\"elementor-widget-container\">\n\t\t\t\t\t<h2 class=\"elementor-heading-title elementor-size-default\">Kontakt<\/h2>\t\t\t\t<\/div>\n\t\t\t\t<\/div>\n\t\t\t\t<div class=\"elementor-element elementor-element-3420619f elementor-widget elementor-widget-heading\" data-id=\"3420619f\" data-element_type=\"widget\" data-e-type=\"widget\" data-widget_type=\"heading.default\">\n\t\t\t\t<div class=\"elementor-widget-container\">\n\t\t\t\t\t<h2 class=\"elementor-heading-title elementor-size-default\">Hier finden Sie uns<\/h2>\t\t\t\t<\/div>\n\t\t\t\t<\/div>\n\t\t\t\t\t<\/div>\n\t\t<\/div>\n\t\t\t\t\t<\/div>\n\t\t<\/section>\n\t\t\t\t<section class=\"elementor-section elementor-top-section elementor-element elementor-element-3379a45b elementor-section-boxed elementor-section-height-default elementor-section-height-default\" data-id=\"3379a45b\" data-element_type=\"section\" data-e-type=\"section\" data-settings=\"{&quot;background_background&quot;:&quot;classic&quot;}\">\n\t\t\t\t\t\t<div class=\"elementor-container elementor-column-gap-default\">\n\t\t\t\t\t<div class=\"elementor-column elementor-col-50 elementor-top-column elementor-element elementor-element-5c1504b7\" data-id=\"5c1504b7\" data-element_type=\"column\" data-e-type=\"column\">\n\t\t\t<div class=\"elementor-widget-wrap elementor-element-populated\">\n\t\t\t\t\t\t<section class=\"elementor-section elementor-inner-section elementor-element elementor-element-422ae40d elementor-section-boxed elementor-section-height-default elementor-section-height-default\" data-id=\"422ae40d\" data-element_type=\"section\" data-e-type=\"section\">\n\t\t\t\t\t\t<div class=\"elementor-container elementor-column-gap-default\">\n\t\t\t\t\t<div class=\"elementor-column elementor-col-100 elementor-inner-column elementor-element elementor-element-612b9506\" data-id=\"612b9506\" data-element_type=\"column\" data-e-type=\"column\">\n\t\t\t<div class=\"elementor-widget-wrap elementor-element-populated\">\n\t\t\t\t\t\t<div class=\"elementor-element elementor-element-56e26c08 elementor-position-inline-start elementor-view-default elementor-mobile-position-block-start elementor-widget elementor-widget-icon-box\" data-id=\"56e26c08\" data-element_type=\"widget\" data-e-type=\"widget\" data-widget_type=\"icon-box.default\">\n\t\t\t\t<div class=\"elementor-widget-container\">\n\t\t\t\t\t\t\t<div class=\"elementor-icon-box-wrapper\">\n\n\t\t\t\t\t\t<div class=\"elementor-icon-box-icon\">\n\t\t\t\t<span  class=\"elementor-icon\">\n\t\t\t\t<i aria-hidden=\"true\" class=\"fas fa-map-marker-alt\"><\/i>\t\t\t\t<\/span>\n\t\t\t<\/div>\n\t\t\t\n\t\t\t\t\t\t<div class=\"elementor-icon-box-content\">\n\n\t\t\t\t\t\t\t\t\t<h3 class=\"elementor-icon-box-title\">\n\t\t\t\t\t\t<span  >\n\t\t\t\t\t\t\tFirmen Addresse\t\t\t\t\t\t<\/span>\n\t\t\t\t\t<\/h3>\n\t\t\t\t\n\t\t\t\t\t\t\t\t\t<p class=\"elementor-icon-box-description\">\n\t\t\t\t\t\t<span class=\"elementor-icon-list-text\">Bahnhofstra\u00dfe 2, 21493 M\u00f6hnsen<\/span>\t\t\t\t\t<\/p>\n\t\t\t\t\n\t\t\t<\/div>\n\t\t\t\n\t\t<\/div>\n\t\t\t\t\t\t<\/div>\n\t\t\t\t<\/div>\n\t\t\t\t\t<\/div>\n\t\t<\/div>\n\t\t\t\t\t<\/div>\n\t\t<\/section>\n\t\t\t\t<section class=\"elementor-section elementor-inner-section elementor-element elementor-element-c6aa5d1 elementor-section-boxed elementor-section-height-default elementor-section-height-default\" data-id=\"c6aa5d1\" data-element_type=\"section\" data-e-type=\"section\">\n\t\t\t\t\t\t<div class=\"elementor-container elementor-column-gap-default\">\n\t\t\t\t\t<div class=\"elementor-column elementor-col-100 elementor-inner-column elementor-element elementor-element-6baa0679\" data-id=\"6baa0679\" data-element_type=\"column\" data-e-type=\"column\">\n\t\t\t<div class=\"elementor-widget-wrap elementor-element-populated\">\n\t\t\t\t\t\t<div class=\"elementor-element elementor-element-3e0e0856 elementor-position-inline-start elementor-view-default elementor-mobile-position-block-start elementor-widget elementor-widget-icon-box\" data-id=\"3e0e0856\" data-element_type=\"widget\" data-e-type=\"widget\" data-widget_type=\"icon-box.default\">\n\t\t\t\t<div class=\"elementor-widget-container\">\n\t\t\t\t\t\t\t<div class=\"elementor-icon-box-wrapper\">\n\n\t\t\t\t\t\t<div class=\"elementor-icon-box-icon\">\n\t\t\t\t<a href=\"mailto:info@neffgeruestbau.de\" class=\"elementor-icon\" tabindex=\"-1\" aria-label=\"Firmen E-mail\">\n\t\t\t\t<i aria-hidden=\"true\" class=\"far fa-envelope\"><\/i>\t\t\t\t<\/a>\n\t\t\t<\/div>\n\t\t\t\n\t\t\t\t\t\t<div class=\"elementor-icon-box-content\">\n\n\t\t\t\t\t\t\t\t\t<h3 class=\"elementor-icon-box-title\">\n\t\t\t\t\t\t<a href=\"mailto:info@neffgeruestbau.de\" >\n\t\t\t\t\t\t\tFirmen E-mail\t\t\t\t\t\t<\/a>\n\t\t\t\t\t<\/h3>\n\t\t\t\t\n\t\t\t\t\t\t\t\t\t<p class=\"elementor-icon-box-description\">\n\t\t\t\t\t\tinfo@neffgeruestbau.de\t\t\t\t\t<\/p>\n\t\t\t\t\n\t\t\t<\/div>\n\t\t\t\n\t\t<\/div>\n\t\t\t\t\t\t<\/div>\n\t\t\t\t<\/div>\n\t\t\t\t\t<\/div>\n\t\t<\/div>\n\t\t\t\t\t<\/div>\n\t\t<\/section>\n\t\t\t\t<section class=\"elementor-section elementor-inner-section elementor-element elementor-element-189c304d elementor-section-boxed elementor-section-height-default elementor-section-height-default\" data-id=\"189c304d\" data-element_type=\"section\" data-e-type=\"section\">\n\t\t\t\t\t\t<div class=\"elementor-container elementor-column-gap-default\">\n\t\t\t\t\t<div class=\"elementor-column elementor-col-100 elementor-inner-column elementor-element elementor-element-82ca1a7\" data-id=\"82ca1a7\" data-element_type=\"column\" data-e-type=\"column\">\n\t\t\t<div class=\"elementor-widget-wrap elementor-element-populated\">\n\t\t\t\t\t\t<div class=\"elementor-element elementor-element-473a21d elementor-position-inline-start elementor-view-default elementor-mobile-position-block-start elementor-widget elementor-widget-icon-box\" data-id=\"473a21d\" data-element_type=\"widget\" data-e-type=\"widget\" data-widget_type=\"icon-box.default\">\n\t\t\t\t<div class=\"elementor-widget-container\">\n\t\t\t\t\t\t\t<div class=\"elementor-icon-box-wrapper\">\n\n\t\t\t\t\t\t<div class=\"elementor-icon-box-icon\">\n\t\t\t\t<a href=\"tel:+49407338303\" class=\"elementor-icon\" tabindex=\"-1\" aria-label=\"Telefonnummer\">\n\t\t\t\t<i aria-hidden=\"true\" class=\"fas fa-phone-alt\"><\/i>\t\t\t\t<\/a>\n\t\t\t<\/div>\n\t\t\t\n\t\t\t\t\t\t<div class=\"elementor-icon-box-content\">\n\n\t\t\t\t\t\t\t\t\t<h3 class=\"elementor-icon-box-title\">\n\t\t\t\t\t\t<a href=\"tel:+49407338303\" >\n\t\t\t\t\t\t\tTelefonnummer\t\t\t\t\t\t<\/a>\n\t\t\t\t\t<\/h3>\n\t\t\t\t\n\t\t\t\t\t\t\t\t\t<p class=\"elementor-icon-box-description\">\n\t\t\t\t\t\tTel.+49 (0) 40 - 73 38 303\n\t\t\t\t\t<\/p>\n\t\t\t\t\n\t\t\t<\/div>\n\t\t\t\n\t\t<\/div>\n\t\t\t\t\t\t<\/div>\n\t\t\t\t<\/div>\n\t\t\t\t\t<\/div>\n\t\t<\/div>\n\t\t\t\t\t<\/div>\n\t\t<\/section>\n\t\t\t\t<section class=\"elementor-section elementor-inner-section elementor-element elementor-element-20677a81 elementor-section-boxed elementor-section-height-default elementor-section-height-default\" data-id=\"20677a81\" data-element_type=\"section\" data-e-type=\"section\">\n\t\t\t\t\t\t<div class=\"elementor-container elementor-column-gap-default\">\n\t\t\t\t\t<div class=\"elementor-column elementor-col-100 elementor-inner-column elementor-element elementor-element-34605f5c\" data-id=\"34605f5c\" data-element_type=\"column\" data-e-type=\"column\">\n\t\t\t<div class=\"elementor-widget-wrap elementor-element-populated\">\n\t\t\t\t\t\t<div class=\"elementor-element elementor-element-20496ff7 elementor-position-inline-start elementor-view-default elementor-mobile-position-block-start elementor-widget elementor-widget-icon-box\" data-id=\"20496ff7\" data-element_type=\"widget\" data-e-type=\"widget\" data-widget_type=\"icon-box.default\">\n\t\t\t\t<div class=\"elementor-widget-container\">\n\t\t\t\t\t\t\t<div class=\"elementor-icon-box-wrapper\">\n\n\t\t\t\t\t\t<div class=\"elementor-icon-box-icon\">\n\t\t\t\t<span  class=\"elementor-icon\">\n\t\t\t\t<i aria-hidden=\"true\" class=\"far fa-clock\"><\/i>\t\t\t\t<\/span>\n\t\t\t<\/div>\n\t\t\t\n\t\t\t\t\t\t<div class=\"elementor-icon-box-content\">\n\n\t\t\t\t\t\t\t\t\t<h3 class=\"elementor-icon-box-title\">\n\t\t\t\t\t\t<span  >\n\t\t\t\t\t\t\tB\u00fcrozeiten\t\t\t\t\t\t<\/span>\n\t\t\t\t\t<\/h3>\n\t\t\t\t\n\t\t\t\t\t\t\t\t\t<p class=\"elementor-icon-box-description\">\n\t\t\t\t\t\tMon -Fr : 9:00 - 18:00\t\t\t\t\t<\/p>\n\t\t\t\t\n\t\t\t<\/div>\n\t\t\t\n\t\t<\/div>\n\t\t\t\t\t\t<\/div>\n\t\t\t\t<\/div>\n\t\t\t\t\t<\/div>\n\t\t<\/div>\n\t\t\t\t\t<\/div>\n\t\t<\/section>\n\t\t\t\t\t<\/div>\n\t\t<\/div>\n\t\t\t\t<div class=\"elementor-column elementor-col-50 elementor-top-column elementor-element elementor-element-78000cd\" data-id=\"78000cd\" data-element_type=\"column\" data-e-type=\"column\">\n\t\t\t<div class=\"elementor-widget-wrap elementor-element-populated\">\n\t\t\t\t\t\t<div class=\"elementor-element elementor-element-105bdc3d elementor-widget elementor-widget-bdt-contact-form-7\" data-id=\"105bdc3d\" data-element_type=\"widget\" data-e-type=\"widget\" data-widget_type=\"bdt-contact-form-7.default\">\n\t\t\t\t<div class=\"elementor-widget-container\">\n\t\t\t\t\t\n<div class=\"wpcf7 no-js\" id=\"wpcf7-f4548-o1\" lang=\"en-US\" dir=\"ltr\" data-wpcf7-id=\"4548\">\n<div class=\"screen-reader-response\"><p role=\"status\" aria-live=\"polite\" aria-atomic=\"true\"><\/p> <ul><\/ul><\/div>\n<form action=\"\/mani\/neff-gerustbau\/wp-json\/wp\/v2\/pages\/750#wpcf7-f4548-o1\" method=\"post\" class=\"wpcf7-form init\" aria-label=\"Contact form\" novalidate=\"novalidate\" data-status=\"init\">\n<fieldset class=\"hidden-fields-container\"><input type=\"hidden\" name=\"_wpcf7\" value=\"4548\" \/><input type=\"hidden\" name=\"_wpcf7_version\" value=\"6.1.5\" \/><input type=\"hidden\" name=\"_wpcf7_locale\" value=\"en_US\" \/><input type=\"hidden\" name=\"_wpcf7_unit_tag\" value=\"wpcf7-f4548-o1\" \/><input type=\"hidden\" name=\"_wpcf7_container_post\" value=\"0\" \/><input type=\"hidden\" name=\"_wpcf7_posted_data_hash\" value=\"\" \/>\n<\/fieldset>\n<div class=\"contact-us\">\n\t<div class=\"row\">\n\t\t<div class=\"col-md-6 md-pr-2\">\n\t\t\t<p><span class=\"wpcf7-form-control-wrap\" data-name=\"your-name\"><input size=\"40\" maxlength=\"400\" class=\"wpcf7-form-control wpcf7-text wpcf7-validates-as-required\" aria-required=\"true\" aria-invalid=\"false\" placeholder=\"Name\" value=\"\" type=\"text\" name=\"your-name\" \/><\/span>\n\t\t\t<\/p>\n\t\t<\/div>\n\t\t<div class=\"col-md-6 md-pl-2\">\n\t\t\t<p><span class=\"wpcf7-form-control-wrap\" data-name=\"your-email\"><input size=\"40\" maxlength=\"400\" class=\"wpcf7-form-control wpcf7-email wpcf7-validates-as-required wpcf7-text wpcf7-validates-as-email\" aria-required=\"true\" aria-invalid=\"false\" placeholder=\"E-mail\" value=\"\" type=\"email\" name=\"your-email\" \/><\/span>\n\t\t\t<\/p>\n\t\t<\/div>\n\t\t<div class=\"col-md-6 md-pr-2\">\n\t\t\t<p><span class=\"wpcf7-form-control-wrap\" data-name=\"tel-829\"><input size=\"40\" maxlength=\"400\" class=\"wpcf7-form-control wpcf7-tel wpcf7-validates-as-required wpcf7-text wpcf7-validates-as-tel\" aria-required=\"true\" aria-invalid=\"false\" placeholder=\"Telefon\" value=\"\" type=\"tel\" name=\"tel-829\" \/><\/span>\n\t\t\t<\/p>\n\t\t<\/div>\n\t\t<div class=\"col-md-6 md-pl-2\">\n\t\t\t<p><span class=\"wpcf7-form-control-wrap\" data-name=\"subject\"><input size=\"40\" maxlength=\"400\" class=\"wpcf7-form-control wpcf7-text wpcf7-validates-as-required\" aria-required=\"true\" aria-invalid=\"false\" placeholder=\"Betreff\" value=\"\" type=\"text\" name=\"subject\" \/><\/span>\n\t\t\t<\/p>\n\t\t<\/div>\n\t\t<div class=\"col-md-12\">\n\t\t\t<p><span class=\"wpcf7-form-control-wrap\" data-name=\"textarea-504\"><textarea cols=\"40\" rows=\"10\" maxlength=\"2000\" class=\"wpcf7-form-control wpcf7-textarea wpcf7-validates-as-required\" aria-required=\"true\" aria-invalid=\"false\" placeholder=\"Nachricht\" name=\"textarea-504\"><\/textarea><\/span>\n\t\t\t<\/p>\n\t\t<\/div>\n\t\t<div class=\"col-md-6\">\n\t\t\t<p><input class=\"wpcf7-form-control wpcf7-submit has-spinner\" type=\"submit\" value=\"Nachricht senden\" \/>\n\t\t\t<\/p>\n\t\t<\/div>\n\t<\/div>\n<\/div><div class=\"wpcf7-response-output\" aria-hidden=\"true\"><\/div>\n<\/form>\n<\/div>\n\t\t\t\t<\/div>\n\t\t\t\t<\/div>\n\t\t\t\t\t<\/div>\n\t\t<\/div>\n\t\t\t\t\t<\/div>\n\t\t<\/section>\n\t\t\t\t<section class=\"elementor-section elementor-top-section elementor-element elementor-element-2aace65 elementor-section-full_width elementor-section-height-default elementor-section-height-default\" data-id=\"2aace65\" data-element_type=\"section\" data-e-type=\"section\" data-settings=\"{&quot;background_background&quot;:&quot;classic&quot;}\">\n\t\t\t\t\t\t<div class=\"elementor-container elementor-column-gap-default\">\n\t\t\t\t\t<div class=\"elementor-column elementor-col-100 elementor-top-column elementor-element elementor-element-18c8fd4\" data-id=\"18c8fd4\" data-element_type=\"column\" data-e-type=\"column\">\n\t\t\t<div class=\"elementor-widget-wrap elementor-element-populated\">\n\t\t\t\t\t\t<div class=\"elementor-element elementor-element-f582336 elementor-widget elementor-widget-google_maps\" data-id=\"f582336\" data-element_type=\"widget\" data-e-type=\"widget\" data-widget_type=\"google_maps.default\">\n\t\t\t\t<div class=\"elementor-widget-container\">\n\t\t\t\t\t\t\t<div class=\"elementor-custom-embed\">\n\t\t\t<iframe loading=\"lazy\"\n\t\t\t\t\tsrc=\"https:\/\/maps.google.com\/maps?q=Bahnhofstra%C3%9Fe%202%2021493%20M%C3%B6hrensen&#038;t=m&#038;z=15&#038;output=embed&#038;iwloc=near\"\n\t\t\t\t\ttitle=\"Bahnhofstra\u00dfe 2 21493 M\u00f6hrensen\"\n\t\t\t\t\taria-label=\"Bahnhofstra\u00dfe 2 21493 M\u00f6hrensen\"\n\t\t\t><\/iframe>\n\t\t<\/div>\n\t\t\t\t\t\t<\/div>\n\t\t\t\t<\/div>\n\t\t\t\t\t<\/div>\n\t\t<\/div>\n\t\t\t\t\t<\/div>\n\t\t<\/section>\n\t\t\t\t<\/div>\n\t\t","protected":false},"excerpt":{"rendered":"<p>Contact us Kontakt Hier finden Sie uns Firmen Addresse Bahnhofstra\u00dfe 2, 21493 M\u00f6hnsen Firmen E-mail info@neffgeruestbau.de Telefonnummer Tel.+49 (0) 40 &hellip;<\/p>\n","protected":false},"author":1,"featured_media":0,"parent":0,"menu_order":0,"comment_status":"closed","ping_status":"closed","template":"","meta":{"footnotes":""},"class_list":["post-750","page","type-page","status-publish","hentry"],"yoast_head":"<!-- This site is optimized with the Yoast SEO plugin v20.2 - https:\/\/yoast.com\/wordpress\/plugins\/seo\/ -->\n<title>Kontakt \u2013 Ger\u00fcstbau | Ger\u00fcstverleih | Hamburg<\/title>\n<meta name=\"description\" content=\"Ben\u00f6tigen Sie ein zuverl\u00e4ssiges Ger\u00fcst f\u00fcr Ihr Bauvorhaben in Hamburg? Finden Sie den richtigen Partner f\u00fcr Ger\u00fcstbau und -verleih durch Kontakt mit erfahrenen Unternehmen. Nutzen Sie deren Expertise f\u00fcr eine sichere und effiziente Baustelle.\" \/>\n<meta name=\"robots\" content=\"index, follow, max-snippet:-1, max-image-preview:large, max-video-preview:-1\" \/>\n<link rel=\"canonical\" href=\"https:\/\/vds4010x4.startdedicated.de\/mani\/neff-gerustbau\/kontakt\/\" \/>\n<meta property=\"og:locale\" content=\"de_DE\" \/>\n<meta property=\"og:type\" content=\"article\" \/>\n<meta property=\"og:title\" content=\"Kontakt \u2013 Ger\u00fcstbau | Ger\u00fcstverleih | Hamburg\" \/>\n<meta property=\"og:description\" content=\"Ben\u00f6tigen Sie ein zuverl\u00e4ssiges Ger\u00fcst f\u00fcr Ihr Bauvorhaben in Hamburg? Finden Sie den richtigen Partner f\u00fcr Ger\u00fcstbau und -verleih durch Kontakt mit erfahrenen Unternehmen. Nutzen Sie deren Expertise f\u00fcr eine sichere und effiziente Baustelle.\" \/>\n<meta property=\"og:url\" content=\"https:\/\/vds4010x4.startdedicated.de\/mani\/neff-gerustbau\/kontakt\/\" \/>\n<meta property=\"og:site_name\" content=\"Neff Ger\u00fcstbau: Ger\u00fcstbau | Ger\u00fcstverleih | Hamburg\" \/>\n<meta property=\"article:publisher\" content=\"https:\/\/www.facebook.com\/neffgeruestbau\" \/>\n<meta property=\"article:modified_time\" content=\"2023-02-28T14:22:09+00:00\" \/>\n<meta name=\"twitter:card\" content=\"summary_large_image\" \/>\n<meta name=\"twitter:label1\" content=\"Gesch\u00e4tzte Lesezeit\" \/>\n\t<meta name=\"twitter:data1\" content=\"1\u00a0Minute\" \/>\n<script type=\"application\/ld+json\" class=\"yoast-schema-graph\">{\"@context\":\"https:\/\/schema.org\",\"@graph\":[{\"@type\":\"WebPage\",\"@id\":\"https:\/\/vds4010x4.startdedicated.de\/mani\/neff-gerustbau\/kontakt\/\",\"url\":\"https:\/\/vds4010x4.startdedicated.de\/mani\/neff-gerustbau\/kontakt\/\",\"name\":\"Kontakt \u2013 Ger\u00fcstbau | Ger\u00fcstverleih | Hamburg\",\"isPartOf\":{\"@id\":\"https:\/\/vds4010x4.startdedicated.de\/mani\/neff-gerustbau\/#website\"},\"datePublished\":\"2021-03-24T07:13:22+00:00\",\"dateModified\":\"2023-02-28T14:22:09+00:00\",\"description\":\"Ben\u00f6tigen Sie ein zuverl\u00e4ssiges Ger\u00fcst f\u00fcr Ihr Bauvorhaben in Hamburg? Finden Sie den richtigen Partner f\u00fcr Ger\u00fcstbau und -verleih durch Kontakt mit erfahrenen Unternehmen. Nutzen Sie deren Expertise f\u00fcr eine sichere und effiziente Baustelle.\",\"breadcrumb\":{\"@id\":\"https:\/\/vds4010x4.startdedicated.de\/mani\/neff-gerustbau\/kontakt\/#breadcrumb\"},\"inLanguage\":\"de\",\"potentialAction\":[{\"@type\":\"ReadAction\",\"target\":[\"https:\/\/vds4010x4.startdedicated.de\/mani\/neff-gerustbau\/kontakt\/\"]}]},{\"@type\":\"BreadcrumbList\",\"@id\":\"https:\/\/vds4010x4.startdedicated.de\/mani\/neff-gerustbau\/kontakt\/#breadcrumb\",\"itemListElement\":[{\"@type\":\"ListItem\",\"position\":1,\"name\":\"Startseite\",\"item\":\"https:\/\/vds4010x4.startdedicated.de\/mani\/neff-gerustbau\/\"},{\"@type\":\"ListItem\",\"position\":2,\"name\":\"Kontakt\"}]},{\"@type\":\"WebSite\",\"@id\":\"https:\/\/vds4010x4.startdedicated.de\/mani\/neff-gerustbau\/#website\",\"url\":\"https:\/\/vds4010x4.startdedicated.de\/mani\/neff-gerustbau\/\",\"name\":\"neffgeruestbau.de\",\"description\":\"\",\"publisher\":{\"@id\":\"https:\/\/vds4010x4.startdedicated.de\/mani\/neff-gerustbau\/#organization\"},\"potentialAction\":[{\"@type\":\"SearchAction\",\"target\":{\"@type\":\"EntryPoint\",\"urlTemplate\":\"https:\/\/vds4010x4.startdedicated.de\/mani\/neff-gerustbau\/?s={search_term_string}\"},\"query-input\":\"required name=search_term_string\"}],\"inLanguage\":\"de\"},{\"@type\":\"Organization\",\"@id\":\"https:\/\/vds4010x4.startdedicated.de\/mani\/neff-gerustbau\/#organization\",\"name\":\"Neff Ger\u00fcstbau Hamburg\",\"url\":\"https:\/\/vds4010x4.startdedicated.de\/mani\/neff-gerustbau\/\",\"logo\":{\"@type\":\"ImageObject\",\"inLanguage\":\"de\",\"@id\":\"https:\/\/vds4010x4.startdedicated.de\/mani\/neff-gerustbau\/#\/schema\/logo\/image\/\",\"url\":\"https:\/\/vds4010x4.startdedicated.de\/mani\/neff-gerustbau\/wp-content\/uploads\/2022\/06\/neff-ferustbau.png\",\"contentUrl\":\"https:\/\/vds4010x4.startdedicated.de\/mani\/neff-gerustbau\/wp-content\/uploads\/2022\/06\/neff-ferustbau.png\",\"width\":1788,\"height\":532,\"caption\":\"Neff Ger\u00fcstbau Hamburg\"},\"image\":{\"@id\":\"https:\/\/vds4010x4.startdedicated.de\/mani\/neff-gerustbau\/#\/schema\/logo\/image\/\"},\"sameAs\":[\"https:\/\/www.facebook.com\/neffgeruestbau\",\"https:\/\/www.instagram.com\/neffgeruestbau\/\"]}]}<\/script>\n<!-- \/ Yoast SEO plugin. -->","yoast_head_json":{"title":"Kontakt \u2013 Ger\u00fcstbau | Ger\u00fcstverleih | Hamburg","description":"Ben\u00f6tigen Sie ein zuverl\u00e4ssiges Ger\u00fcst f\u00fcr Ihr Bauvorhaben in Hamburg? Finden Sie den richtigen Partner f\u00fcr Ger\u00fcstbau und -verleih durch Kontakt mit erfahrenen Unternehmen. Nutzen Sie deren Expertise f\u00fcr eine sichere und effiziente Baustelle.","robots":{"index":"index","follow":"follow","max-snippet":"max-snippet:-1","max-image-preview":"max-image-preview:large","max-video-preview":"max-video-preview:-1"},"canonical":"https:\/\/vds4010x4.startdedicated.de\/mani\/neff-gerustbau\/kontakt\/","og_locale":"de_DE","og_type":"article","og_title":"Kontakt \u2013 Ger\u00fcstbau | Ger\u00fcstverleih | Hamburg","og_description":"Ben\u00f6tigen Sie ein zuverl\u00e4ssiges Ger\u00fcst f\u00fcr Ihr Bauvorhaben in Hamburg? Finden Sie den richtigen Partner f\u00fcr Ger\u00fcstbau und -verleih durch Kontakt mit erfahrenen Unternehmen. Nutzen Sie deren Expertise f\u00fcr eine sichere und effiziente Baustelle.","og_url":"https:\/\/vds4010x4.startdedicated.de\/mani\/neff-gerustbau\/kontakt\/","og_site_name":"Neff Ger\u00fcstbau: Ger\u00fcstbau | Ger\u00fcstverleih | Hamburg","article_publisher":"https:\/\/www.facebook.com\/neffgeruestbau","article_modified_time":"2023-02-28T14:22:09+00:00","twitter_card":"summary_large_image","twitter_misc":{"Gesch\u00e4tzte Lesezeit":"1\u00a0Minute"},"schema":{"@context":"https:\/\/schema.org","@graph":[{"@type":"WebPage","@id":"https:\/\/vds4010x4.startdedicated.de\/mani\/neff-gerustbau\/kontakt\/","url":"https:\/\/vds4010x4.startdedicated.de\/mani\/neff-gerustbau\/kontakt\/","name":"Kontakt \u2013 Ger\u00fcstbau | Ger\u00fcstverleih | Hamburg","isPartOf":{"@id":"https:\/\/vds4010x4.startdedicated.de\/mani\/neff-gerustbau\/#website"},"datePublished":"2021-03-24T07:13:22+00:00","dateModified":"2023-02-28T14:22:09+00:00","description":"Ben\u00f6tigen Sie ein zuverl\u00e4ssiges Ger\u00fcst f\u00fcr Ihr Bauvorhaben in Hamburg? Finden Sie den richtigen Partner f\u00fcr Ger\u00fcstbau und -verleih durch Kontakt mit erfahrenen Unternehmen. Nutzen Sie deren Expertise f\u00fcr eine sichere und effiziente Baustelle.","breadcrumb":{"@id":"https:\/\/vds4010x4.startdedicated.de\/mani\/neff-gerustbau\/kontakt\/#breadcrumb"},"inLanguage":"de","potentialAction":[{"@type":"ReadAction","target":["https:\/\/vds4010x4.startdedicated.de\/mani\/neff-gerustbau\/kontakt\/"]}]},{"@type":"BreadcrumbList","@id":"https:\/\/vds4010x4.startdedicated.de\/mani\/neff-gerustbau\/kontakt\/#breadcrumb","itemListElement":[{"@type":"ListItem","position":1,"name":"Startseite","item":"https:\/\/vds4010x4.startdedicated.de\/mani\/neff-gerustbau\/"},{"@type":"ListItem","position":2,"name":"Kontakt"}]},{"@type":"WebSite","@id":"https:\/\/vds4010x4.startdedicated.de\/mani\/neff-gerustbau\/#website","url":"https:\/\/vds4010x4.startdedicated.de\/mani\/neff-gerustbau\/","name":"neffgeruestbau.de","description":"","publisher":{"@id":"https:\/\/vds4010x4.startdedicated.de\/mani\/neff-gerustbau\/#organization"},"potentialAction":[{"@type":"SearchAction","target":{"@type":"EntryPoint","urlTemplate":"https:\/\/vds4010x4.startdedicated.de\/mani\/neff-gerustbau\/?s={search_term_string}"},"query-input":"required name=search_term_string"}],"inLanguage":"de"},{"@type":"Organization","@id":"https:\/\/vds4010x4.startdedicated.de\/mani\/neff-gerustbau\/#organization","name":"Neff Ger\u00fcstbau Hamburg","url":"https:\/\/vds4010x4.startdedicated.de\/mani\/neff-gerustbau\/","logo":{"@type":"ImageObject","inLanguage":"de","@id":"https:\/\/vds4010x4.startdedicated.de\/mani\/neff-gerustbau\/#\/schema\/logo\/image\/","url":"https:\/\/vds4010x4.startdedicated.de\/mani\/neff-gerustbau\/wp-content\/uploads\/2022\/06\/neff-ferustbau.png","contentUrl":"https:\/\/vds4010x4.startdedicated.de\/mani\/neff-gerustbau\/wp-content\/uploads\/2022\/06\/neff-ferustbau.png","width":1788,"height":532,"caption":"Neff Ger\u00fcstbau Hamburg"},"image":{"@id":"https:\/\/vds4010x4.startdedicated.de\/mani\/neff-gerustbau\/#\/schema\/logo\/image\/"},"sameAs":["https:\/\/www.facebook.com\/neffgeruestbau","https:\/\/www.instagram.com\/neffgeruestbau\/"]}]}},"_links":{"self":[{"href":"https:\/\/vds4010x4.startdedicated.de\/mani\/neff-gerustbau\/wp-json\/wp\/v2\/pages\/750","targetHints":{"allow":["GET"]}}],"collection":[{"href":"https:\/\/vds4010x4.startdedicated.de\/mani\/neff-gerustbau\/wp-json\/wp\/v2\/pages"}],"about":[{"href":"https:\/\/vds4010x4.startdedicated.de\/mani\/neff-gerustbau\/wp-json\/wp\/v2\/types\/page"}],"author":[{"embeddable":true,"href":"https:\/\/vds4010x4.startdedicated.de\/mani\/neff-gerustbau\/wp-json\/wp\/v2\/users\/1"}],"replies":[{"embeddable":true,"href":"https:\/\/vds4010x4.startdedicated.de\/mani\/neff-gerustbau\/wp-json\/wp\/v2\/comments?post=750"}],"version-history":[{"count":0,"href":"https:\/\/vds4010x4.startdedicated.de\/mani\/neff-gerustbau\/wp-json\/wp\/v2\/pages\/750\/revisions"}],"wp:attachment":[{"href":"https:\/\/vds4010x4.startdedicated.de\/mani\/neff-gerustbau\/wp-json\/wp\/v2\/media?parent=750"}],"curies":[{"name":"wp","href":"https:\/\/api.w.org\/{rel}","templated":true}]}}